{"id":621,"date":"2024-03-26T16:31:13","date_gmt":"2024-03-26T15:31:13","guid":{"rendered":"https:\/\/mailpoint.local\/?page_id=621"},"modified":"2024-03-27T15:13:23","modified_gmt":"2024-03-27T14:13:23","slug":"direcciones","status":"publish","type":"page","link":"https:\/\/mailpoint.nl\/es\/contactar\/direcciones\/","title":{"rendered":"Direcciones"},"content":{"rendered":"<p><iframe class=\"w-full\" src=\"https:\/\/www.google.com\/maps\/embed?pb=!1m18!1m12!1m3!1d1566.7252548538768!2d4.95189389237559!3d52.424314352648!2m3!1f0!2f0!3f0!3m2!1i1024!2i768!4f13.1!3m3!1m2!1s0x47c6089ec18b0c77%3A0xb4640f519a3a6cbd!2sMailpoint%20International%20BV!5e0!3m2!1sen!2snl!4v1711467136099!5m2!1sen!2snl\" width=\"600\" height=\"450\" style=\"border:0;\" allowfullscreen=\"\" loading=\"lazy\" referrerpolicy=\"no-referrer-when-downgrade\"><\/iframe><\/p>\n<h2>LA SEDE CENTRAL DE \u00abTHE MAILPOINT GROUP\u00bb EST\u00c1 EMPLAZADA EN LOS PA\u00cdSES BAJOS<\/h2>\n<p><b>Para viajar a Mailpoint mediante transporte p\u00fablico:<\/b><\/p>\n<p>Desde la Estaci\u00f3n Central de \u00c1msterdam, hay dos opciones:<\/p>\n<p>1. Tomar el autob\u00fas 305 (en direcci\u00f3n a Purmerend) hasta la parada De Dollard. Desde esta parada, tardar\u00e1 dos minutos en llegar a pie hasta Mailpoint, que est\u00e1 ubicada en el parque empresarial De Dollard.<br \/>\n2. Tomar el ferry a Amsterdam-Noord en la parte posterior de la Estaci\u00f3n Central de \u00c1msterdam. Estaremos esper\u00e1ndole al bajar del ferry para trasladarle en coche hasta Mailpoint.<\/p>\n","protected":false},"excerpt":{"rendered":"<p>LA SEDE CENTRAL DE \u00abTHE MAILPOINT GROUP\u00bb EST\u00c1 EMPLAZADA EN LOS PA\u00cdSES BAJOS Para viajar a Mailpoint mediante transporte p\u00fablico: Desde la Estaci\u00f3n Central de \u00c1msterdam, hay dos opciones: 1. Tomar el autob\u00fas 305 (en direcci\u00f3n a Purmerend) hasta la parada De Dollard. Desde esta parada, tardar\u00e1 dos minutos en llegar a pie hasta Mailpoint,<a href=\"https:\/\/mailpoint.nl\/es\/contactar\/direcciones\/\">Continue reading <span class=\"sr-only\">\u00abDirecciones\u00bb<\/span><\/a><\/p>\n","protected":false},"author":6,"featured_media":0,"parent":593,"menu_order":0,"comment_status":"closed","ping_status":"closed","template":"","meta":{"_acf_changed":false,"footnotes":""},"class_list":["post-621","page","type-page","status-publish","hentry"],"acf":[],"_links":{"self":[{"href":"https:\/\/mailpoint.nl\/es\/wp-json\/wp\/v2\/pages\/621","targetHints":{"allow":["GET"]}}],"collection":[{"href":"https:\/\/mailpoint.nl\/es\/wp-json\/wp\/v2\/pages"}],"about":[{"href":"https:\/\/mailpoint.nl\/es\/wp-json\/wp\/v2\/types\/page"}],"author":[{"embeddable":true,"href":"https:\/\/mailpoint.nl\/es\/wp-json\/wp\/v2\/users\/6"}],"replies":[{"embeddable":true,"href":"https:\/\/mailpoint.nl\/es\/wp-json\/wp\/v2\/comments?post=621"}],"version-history":[{"count":0,"href":"https:\/\/mailpoint.nl\/es\/wp-json\/wp\/v2\/pages\/621\/revisions"}],"up":[{"embeddable":true,"href":"https:\/\/mailpoint.nl\/es\/wp-json\/wp\/v2\/pages\/593"}],"wp:attachment":[{"href":"https:\/\/mailpoint.nl\/es\/wp-json\/wp\/v2\/media?parent=621"}],"curies":[{"name":"wp","href":"https:\/\/api.w.org\/{rel}","templated":true}]}}