{"id":574,"date":"2024-03-26T15:59:45","date_gmt":"2024-03-26T14:59:45","guid":{"rendered":"https:\/\/mailpoint.local\/?page_id=574"},"modified":"2024-03-27T14:49:08","modified_gmt":"2024-03-27T13:49:08","slug":"distribucion","status":"publish","type":"page","link":"https:\/\/mailpoint.nl\/es\/distribucion\/","title":{"rendered":"Distribuci\u00f3n"},"content":{"rendered":"<h2>GARANT\u00cdA DE UNAS TARIFAS DE FRANQUEO Y CORREO ASEQUIBLES PARA LA DISTRIBUCI\u00d3N DE DIRECT MAIL POR THE MAILPOINT GROUP<\/h2>\n<p>Muchos de nuestros clientes ya se benefician de nuestro atractivo servicio de correo y franqueo. En colaboraci\u00f3n con nuestros socios, incluido PostNL, tratamos millones de env\u00edos cada a\u00f1o, la mayor\u00eda de los cuales se llevan a cabo con un m\u00e9todo neutro en carbono. Si tambi\u00e9n desea utilizar nuestra econ\u00f3mica opci\u00f3n de combinaci\u00f3n de mailing y franqueo, podr\u00e1 obtener ahorros inmediatos en los costes de distribuci\u00f3n y franqueo de sus env\u00edos o sus publicaciones peri\u00f3dicas.<\/p>\n<p>El uso del direct mail para la distribuci\u00f3n de informaci\u00f3n o materiales de publicidad ha demostrado ser un instrumento de marketing cada vez m\u00e1s relevante, junto a otras formas de comunicaci\u00f3n y marketing. Debido a los elevados costes de franqueo, direct mail puede resultar m\u00e1s caro en comparaci\u00f3n con otros mensajes publicitarios, generalmente digitales.<\/p>\n<p>Sin embargo, como Mailpoint maneja grandes vol\u00famenes de correo a diario, nuestros clientes pueden aprovechar de nuestros descuentos especiales por grandes vol\u00famenes. De hecho, Mailpoint ofrece unos notables ahorros en env\u00edos postales, incluso para peque\u00f1os env\u00edos de correo.<\/p>\n<p><b>Averig\u00fce cu\u00e1nto puede ahorrar en sus costes de correo y franqueo en tan solo tres pasos:<\/b><\/p>\n<ol>\n<li>Realice un inventario de su correo teniendo en cuenta el peso, tama\u00f1o, n\u00famero de env\u00edos y el destino.<\/li>\n<li>P\u00f3ngase en contacto con Mailpoint para obtener asesoramiento y un presupuesto. Nos comprometemos a contestarle para proporcionarle dicha informaci\u00f3n en el plazo de 24 horas.<\/li>\n<li>Permita que Mailpoint se encargue de su correo (completo). Le daremos respuesta a sus necesidades.<\/li>\n<\/ol>\n","protected":false},"excerpt":{"rendered":"<p>GARANT\u00cdA DE UNAS TARIFAS DE FRANQUEO Y CORREO ASEQUIBLES PARA LA DISTRIBUCI\u00d3N DE DIRECT MAIL POR THE MAILPOINT GROUP Muchos de nuestros clientes ya se benefician de nuestro atractivo servicio de correo y franqueo. En colaboraci\u00f3n con nuestros socios, incluido PostNL, tratamos millones de env\u00edos cada a\u00f1o, la mayor\u00eda de los cuales se llevan a<a href=\"https:\/\/mailpoint.nl\/es\/distribucion\/\">Continue reading <span class=\"sr-only\">\u00abDistribuci\u00f3n\u00bb<\/span><\/a><\/p>\n","protected":false},"author":6,"featured_media":0,"parent":0,"menu_order":0,"comment_status":"closed","ping_status":"closed","template":"","meta":{"_acf_changed":false,"footnotes":""},"class_list":["post-574","page","type-page","status-publish","hentry"],"acf":[],"_links":{"self":[{"href":"https:\/\/mailpoint.nl\/es\/wp-json\/wp\/v2\/pages\/574","targetHints":{"allow":["GET"]}}],"collection":[{"href":"https:\/\/mailpoint.nl\/es\/wp-json\/wp\/v2\/pages"}],"about":[{"href":"https:\/\/mailpoint.nl\/es\/wp-json\/wp\/v2\/types\/page"}],"author":[{"embeddable":true,"href":"https:\/\/mailpoint.nl\/es\/wp-json\/wp\/v2\/users\/6"}],"replies":[{"embeddable":true,"href":"https:\/\/mailpoint.nl\/es\/wp-json\/wp\/v2\/comments?post=574"}],"version-history":[{"count":0,"href":"https:\/\/mailpoint.nl\/es\/wp-json\/wp\/v2\/pages\/574\/revisions"}],"wp:attachment":[{"href":"https:\/\/mailpoint.nl\/es\/wp-json\/wp\/v2\/media?parent=574"}],"curies":[{"name":"wp","href":"https:\/\/api.w.org\/{rel}","templated":true}]}}