{"id":563,"date":"2024-03-26T14:25:41","date_gmt":"2024-03-26T13:25:41","guid":{"rendered":"https:\/\/mailpoint.local\/?page_id=563"},"modified":"2024-03-27T14:43:12","modified_gmt":"2024-03-27T13:43:12","slug":"cumplimiento","status":"publish","type":"page","link":"https:\/\/mailpoint.nl\/es\/servicio-de-datos\/cumplimiento\/","title":{"rendered":"Cumplimiento"},"content":{"rendered":"<h2>LOS \u00d3PTIMOS SERVICIOS DE CUMPLIMIENTO SON UN ELEMENTO CLAVE PARA OBTENER RESPUESTA ACTIVA A DIRECT MAIL<\/h2>\n<p>El cumplimiento es un servicio especializado que en Mailpoint nos sentimos orgullosos de poder ofrecer. Mailpoint dispone de la organizaci\u00f3n y la experiencia necesaria para proporcionar soporte de log\u00edstica espec\u00edfica, en la que se incluye el cumplimiento. De hecho, somos el \u00abbusiness to business point\u00bb para una gran cantidad de compa\u00f1\u00edas diferentes para los servicios de tratamiento de sus respuestas de direct mail. Es obvio que nuestros clientes esperan un servicio r\u00e1pido en cuanto al tratamiento de las respuestas y sus clientes.<\/p>\n<p>Por ese motivo, los servicios de cumplimiento pueden ser una \u00f3ptima soluci\u00f3n para completar las campa\u00f1as de direct mail. Mailpoint proporciona una amplia gama de servicios de cumplimiento entre los que se incluyen la impresi\u00f3n (p.ej. correspondencia comercial con ap\u00e9ndices), empaquetado, embalaje y entrega. Nos encargamos de supervisar, procesar, empaquetar, embalar y distribuir una gran variedad de pedidos para nuestros clientes y garantizamos un procesamiento r\u00e1pido de los elementos devueltos.<\/p>\n<p>The Mailpoint Group tiene experiencia en la distribuci\u00f3n de paquetes postales de una forma asequible, r\u00e1pida y fiable, enviando informes directamente a los clientes a diario. Nuestro departamento trabaja en numerosas frentes y empaqueta y distribuye p\u00f3sters, materiales de publicidad y promociones a tiendas, gasolineras y otros puntos de ventas para diversos fabricantes de marca.<\/p>\n","protected":false},"excerpt":{"rendered":"<p>LOS \u00d3PTIMOS SERVICIOS DE CUMPLIMIENTO SON UN ELEMENTO CLAVE PARA OBTENER RESPUESTA ACTIVA A DIRECT MAIL El cumplimiento es un servicio especializado que en Mailpoint nos sentimos orgullosos de poder ofrecer. Mailpoint dispone de la organizaci\u00f3n y la experiencia necesaria para proporcionar soporte de log\u00edstica espec\u00edfica, en la que se incluye el cumplimiento. De hecho,<a href=\"https:\/\/mailpoint.nl\/es\/servicio-de-datos\/cumplimiento\/\">Continue reading <span class=\"sr-only\">\u00abCumplimiento\u00bb<\/span><\/a><\/p>\n","protected":false},"author":6,"featured_media":0,"parent":487,"menu_order":0,"comment_status":"closed","ping_status":"closed","template":"","meta":{"_acf_changed":false,"footnotes":""},"class_list":["post-563","page","type-page","status-publish","hentry"],"acf":[],"_links":{"self":[{"href":"https:\/\/mailpoint.nl\/es\/wp-json\/wp\/v2\/pages\/563","targetHints":{"allow":["GET"]}}],"collection":[{"href":"https:\/\/mailpoint.nl\/es\/wp-json\/wp\/v2\/pages"}],"about":[{"href":"https:\/\/mailpoint.nl\/es\/wp-json\/wp\/v2\/types\/page"}],"author":[{"embeddable":true,"href":"https:\/\/mailpoint.nl\/es\/wp-json\/wp\/v2\/users\/6"}],"replies":[{"embeddable":true,"href":"https:\/\/mailpoint.nl\/es\/wp-json\/wp\/v2\/comments?post=563"}],"version-history":[{"count":0,"href":"https:\/\/mailpoint.nl\/es\/wp-json\/wp\/v2\/pages\/563\/revisions"}],"up":[{"embeddable":true,"href":"https:\/\/mailpoint.nl\/es\/wp-json\/wp\/v2\/pages\/487"}],"wp:attachment":[{"href":"https:\/\/mailpoint.nl\/es\/wp-json\/wp\/v2\/media?parent=563"}],"curies":[{"name":"wp","href":"https:\/\/api.w.org\/{rel}","templated":true}]}}