{"id":544,"date":"2024-03-26T14:24:52","date_gmt":"2024-03-26T13:24:52","guid":{"rendered":"https:\/\/mailpoint.local\/?page_id=544"},"modified":"2024-03-27T14:40:47","modified_gmt":"2024-03-27T13:40:47","slug":"gestion-de-proyectos","status":"publish","type":"page","link":"https:\/\/mailpoint.nl\/es\/servicio-de-datos\/gestion-de-proyectos\/","title":{"rendered":"Gesti\u00f3n De Proyectos"},"content":{"rendered":"<h2>MAILPOINT DIRECT MARKETING SERVICES LA OPCI\u00d3N IDEAL PARA LA GESTI\u00d3N DE PROYECTOS<\/h2>\n<p>Mailpoint Direct Marketing Services (MDMS), nuestro departamento de gesti\u00f3n de proyectos, siempre busca las soluciones completas m\u00e1s eficientes y eficaces de direct marketing. El personal del departamento de MDMS cuenta con amplios conocimientos y experiencia en comunicaci\u00f3n y marketing. Puesto que la estrategia de un plan de direct mail y marketing es la clave que determina el \u00e9xito de una campa\u00f1a, se debe prestar una especial atenci\u00f3n a esta parte del proceso. El departamento de MDMS colabora en la definici\u00f3n de los grupos de destino adecuados (tanto a nivel nacional como internacional) mediante el examen minucioso y la representaci\u00f3n mediante gr\u00e1ficos del mercado potencial y las posibilidades de un producto o servicio, trabajando en estrecha colaboraci\u00f3n con los especialistas de ventas, las agencias de publicidad, los impresores y los proveedores de art\u00edculos de DM espec\u00edficos. Bajo petici\u00f3n, el departamento de MDMS puede encargarse del proceso completo, desde el dise\u00f1o a la entrega del producto final. Tambi\u00e9n incluimos servicios de publicidad, gesti\u00f3n, producci\u00f3n y distribuci\u00f3n.<\/p>\n<p>En muchos casos, asesoramos a los clientes en una etapa inicial del proyecto sobre c\u00f3mo abordar sus comunicaciones de DM. La \u00f3ptima comunicaci\u00f3n y el trabajo en equipo son elementos clave para garantizar unas operaciones eficientes que permitan aprovechar al m\u00e1ximo las posibilidades creativas y t\u00e9cnicas. Todos los conceptos presentados por MDMS se discuten con los clientes con el fin de hallar la soluci\u00f3n m\u00e1s adecuada.<\/p>\n","protected":false},"excerpt":{"rendered":"<p>MAILPOINT DIRECT MARKETING SERVICES LA OPCI\u00d3N IDEAL PARA LA GESTI\u00d3N DE PROYECTOS Mailpoint Direct Marketing Services (MDMS), nuestro departamento de gesti\u00f3n de proyectos, siempre busca las soluciones completas m\u00e1s eficientes y eficaces de direct marketing. El personal del departamento de MDMS cuenta con amplios conocimientos y experiencia en comunicaci\u00f3n y marketing. Puesto que la estrategia<a href=\"https:\/\/mailpoint.nl\/es\/servicio-de-datos\/gestion-de-proyectos\/\">Continue reading <span class=\"sr-only\">\u00abGesti\u00f3n De Proyectos\u00bb<\/span><\/a><\/p>\n","protected":false},"author":6,"featured_media":0,"parent":487,"menu_order":0,"comment_status":"closed","ping_status":"closed","template":"","meta":{"_acf_changed":false,"footnotes":""},"class_list":["post-544","page","type-page","status-publish","hentry"],"acf":[],"_links":{"self":[{"href":"https:\/\/mailpoint.nl\/es\/wp-json\/wp\/v2\/pages\/544","targetHints":{"allow":["GET"]}}],"collection":[{"href":"https:\/\/mailpoint.nl\/es\/wp-json\/wp\/v2\/pages"}],"about":[{"href":"https:\/\/mailpoint.nl\/es\/wp-json\/wp\/v2\/types\/page"}],"author":[{"embeddable":true,"href":"https:\/\/mailpoint.nl\/es\/wp-json\/wp\/v2\/users\/6"}],"replies":[{"embeddable":true,"href":"https:\/\/mailpoint.nl\/es\/wp-json\/wp\/v2\/comments?post=544"}],"version-history":[{"count":0,"href":"https:\/\/mailpoint.nl\/es\/wp-json\/wp\/v2\/pages\/544\/revisions"}],"up":[{"embeddable":true,"href":"https:\/\/mailpoint.nl\/es\/wp-json\/wp\/v2\/pages\/487"}],"wp:attachment":[{"href":"https:\/\/mailpoint.nl\/es\/wp-json\/wp\/v2\/media?parent=544"}],"curies":[{"name":"wp","href":"https:\/\/api.w.org\/{rel}","templated":true}]}}