{"id":535,"date":"2024-03-26T14:24:37","date_gmt":"2024-03-26T13:24:37","guid":{"rendered":"https:\/\/mailpoint.local\/?page_id=535"},"modified":"2024-03-27T14:37:38","modified_gmt":"2024-03-27T13:37:38","slug":"correo","status":"publish","type":"page","link":"https:\/\/mailpoint.nl\/es\/servicio-de-datos\/correo\/","title":{"rendered":"Correo"},"content":{"rendered":"<h2>EL PUNTO DE PARTIDA DE NUMEROSAS CAMPA\u00d1AS DE MARKETING DIRECTO<\/h2>\n<p>En Mailpoint, todas las semanas ponemos la direcci\u00f3n a millones de sobres con nuestras impresoras de inyecci\u00f3n de tinta y preparamos los env\u00edos completamente. Adem\u00e1s, producimos millones de folletos con portadores de direcciones y, si fuera necesario, en envoltorios de pl\u00e1stico ecol\u00f3gicos. Todo esto se realiza con gran rapidez para garantizar que todos los pedidos de direct mail se entreguen a los distribuidores dentro de los plazos especificados, de forma que las cartas o los paquetes lleguen puntualmente a su destino.<\/p>\n<h3>M\u00c1QUINAS DE TECNOLOG\u00cdA AVANZADA Y DE GRAN CAPACIDAD<\/h3>\n<p>Mailpoint dispone de una amplia y variada selecci\u00f3n de modernas maquinarias capaces de procesar todo tipo de pedidos, desde proyectos de direct mail a promociones de ventas y campa\u00f1as de cumplimiento.<\/p>\n<p><b>Listado de posibilidades t\u00e9cnicas y de producci\u00f3n:<\/b><\/p>\n<ul>\n<li>Impresoras l\u00e1ser (impresoras de rollo, de hojas sueltas y de cadena)<\/li>\n<li>Separadores, c\u00faters y m\u00e1quinas empaquetadoras<\/li>\n<li>Sistemas de colocaci\u00f3n de direcciones por inyecci\u00f3n de tinta<\/li>\n<li>Etiquetadoras<\/li>\n<li>Plegadoras<\/li>\n<li>Cortapapeles<\/li>\n<li>Ensobradoras<\/li>\n<li>M\u00e1quinas de colocaci\u00f3n de sellos con unidad de sellado<\/li>\n<li>M\u00e1quinas y sistemas de embalaje para folletos, cat\u00e1logos y revistas con envoltorios de pl\u00e1stico<\/li>\n<li>T\u00faneles para embalaje retractable de productos pesados<\/li>\n<\/ul>\n","protected":false},"excerpt":{"rendered":"<p>EL PUNTO DE PARTIDA DE NUMEROSAS CAMPA\u00d1AS DE MARKETING DIRECTO En Mailpoint, todas las semanas ponemos la direcci\u00f3n a millones de sobres con nuestras impresoras de inyecci\u00f3n de tinta y preparamos los env\u00edos completamente. Adem\u00e1s, producimos millones de folletos con portadores de direcciones y, si fuera necesario, en envoltorios de pl\u00e1stico ecol\u00f3gicos. Todo esto se<a href=\"https:\/\/mailpoint.nl\/es\/servicio-de-datos\/correo\/\">Continue reading <span class=\"sr-only\">\u00abCorreo\u00bb<\/span><\/a><\/p>\n","protected":false},"author":6,"featured_media":0,"parent":487,"menu_order":0,"comment_status":"closed","ping_status":"closed","template":"","meta":{"_acf_changed":false,"footnotes":""},"class_list":["post-535","page","type-page","status-publish","hentry"],"acf":[],"_links":{"self":[{"href":"https:\/\/mailpoint.nl\/es\/wp-json\/wp\/v2\/pages\/535","targetHints":{"allow":["GET"]}}],"collection":[{"href":"https:\/\/mailpoint.nl\/es\/wp-json\/wp\/v2\/pages"}],"about":[{"href":"https:\/\/mailpoint.nl\/es\/wp-json\/wp\/v2\/types\/page"}],"author":[{"embeddable":true,"href":"https:\/\/mailpoint.nl\/es\/wp-json\/wp\/v2\/users\/6"}],"replies":[{"embeddable":true,"href":"https:\/\/mailpoint.nl\/es\/wp-json\/wp\/v2\/comments?post=535"}],"version-history":[{"count":0,"href":"https:\/\/mailpoint.nl\/es\/wp-json\/wp\/v2\/pages\/535\/revisions"}],"up":[{"embeddable":true,"href":"https:\/\/mailpoint.nl\/es\/wp-json\/wp\/v2\/pages\/487"}],"wp:attachment":[{"href":"https:\/\/mailpoint.nl\/es\/wp-json\/wp\/v2\/media?parent=535"}],"curies":[{"name":"wp","href":"https:\/\/api.w.org\/{rel}","templated":true}]}}