{"id":524,"date":"2024-03-26T14:27:52","date_gmt":"2024-03-26T13:27:52","guid":{"rendered":"https:\/\/mailpoint.local\/?page_id=524"},"modified":"2024-03-27T14:33:29","modified_gmt":"2024-03-27T13:33:29","slug":"impresion-y-tecnica","status":"publish","type":"page","link":"https:\/\/mailpoint.nl\/es\/servicio-de-datos\/impresion-y-envio\/impresion-y-tecnica\/","title":{"rendered":"Impresi\u00f3n Y T\u00e9cnica"},"content":{"rendered":"<h2>NUESTRAS IMPRESORAS DE HOJAS Y DE CADENA PARA GRANDES VOL\u00daMENES OFRECEN UNOS EXCELENTES RESULTADOS DE IMPRESI\u00d3N<\/h2>\n<p>Las m\u00e1quinas de Mailpoint admiten diversos tipos de papel offset para impresoras l\u00e1ser. \u00danicamente utilizamos papel ecol\u00f3gico como, por ejemplo, papel con certificaci\u00f3n FSC o PEFC y papel reciclado con la etiqueta Ecolabel de la UE.<\/p>\n<p>En Mailpoint trabajamos con bases de datos (de cuya limpieza nos encargamos nosotros mismos o el propio cliente) con una extraordinaria selecci\u00f3n del grupo de destino, que podemos personalizar, imprimir y finalizar con el fin de crear unos proyectos exclusivos. Al disponer de diversos tipos de impresoras a color, podemos procesar una amplia gama de trabajos de forma r\u00e1pida y eficiente.<\/p>\n<p>Nuestras impresoras de hojas pueden satisfacer requisitos muy espec\u00edficos, ya que seleccionan el papel de hasta cinco bandejas diferentes en un mismo trabajo. Estos conjuntos unificados en papel blanco o de color se pueden unir con grapas met\u00e1licas colocadas en diversas posiciones en el material impreso plano.<\/p>\n<p>La impresi\u00f3n variable, tanto en negro como en color, permite producir env\u00edos personalizados y asignar n\u00fameros exclusivos a los correos con adjuntos como, por ejemplo, folletos, formularios de respuesta, tr\u00edpticos, papeletas de rifa y listas de precios. La divisi\u00f3n postal de Mailpoint se encarga del acabado final, elaborando los gr\u00e1ficos finales y compilando un atractivo env\u00edo de correo. Si se requiere, se puede emplear un m\u00e9todo 100% neutro en carbono.<\/p>\n","protected":false},"excerpt":{"rendered":"<p>NUESTRAS IMPRESORAS DE HOJAS Y DE CADENA PARA GRANDES VOL\u00daMENES OFRECEN UNOS EXCELENTES RESULTADOS DE IMPRESI\u00d3N Las m\u00e1quinas de Mailpoint admiten diversos tipos de papel offset para impresoras l\u00e1ser. \u00danicamente utilizamos papel ecol\u00f3gico como, por ejemplo, papel con certificaci\u00f3n FSC o PEFC y papel reciclado con la etiqueta Ecolabel de la UE. En Mailpoint trabajamos<a href=\"https:\/\/mailpoint.nl\/es\/servicio-de-datos\/impresion-y-envio\/impresion-y-tecnica\/\">Continue reading <span class=\"sr-only\">\u00abImpresi\u00f3n Y T\u00e9cnica\u00bb<\/span><\/a><\/p>\n","protected":false},"author":6,"featured_media":0,"parent":513,"menu_order":0,"comment_status":"closed","ping_status":"closed","template":"","meta":{"_acf_changed":false,"footnotes":""},"class_list":["post-524","page","type-page","status-publish","hentry"],"acf":[],"_links":{"self":[{"href":"https:\/\/mailpoint.nl\/es\/wp-json\/wp\/v2\/pages\/524","targetHints":{"allow":["GET"]}}],"collection":[{"href":"https:\/\/mailpoint.nl\/es\/wp-json\/wp\/v2\/pages"}],"about":[{"href":"https:\/\/mailpoint.nl\/es\/wp-json\/wp\/v2\/types\/page"}],"author":[{"embeddable":true,"href":"https:\/\/mailpoint.nl\/es\/wp-json\/wp\/v2\/users\/6"}],"replies":[{"embeddable":true,"href":"https:\/\/mailpoint.nl\/es\/wp-json\/wp\/v2\/comments?post=524"}],"version-history":[{"count":0,"href":"https:\/\/mailpoint.nl\/es\/wp-json\/wp\/v2\/pages\/524\/revisions"}],"up":[{"embeddable":true,"href":"https:\/\/mailpoint.nl\/es\/wp-json\/wp\/v2\/pages\/513"}],"wp:attachment":[{"href":"https:\/\/mailpoint.nl\/es\/wp-json\/wp\/v2\/media?parent=524"}],"curies":[{"name":"wp","href":"https:\/\/api.w.org\/{rel}","templated":true}]}}