{"id":513,"date":"2024-03-26T14:25:25","date_gmt":"2024-03-26T13:25:25","guid":{"rendered":"https:\/\/mailpoint.local\/?page_id=513"},"modified":"2024-03-27T14:28:05","modified_gmt":"2024-03-27T13:28:05","slug":"impresion-y-envio","status":"publish","type":"page","link":"https:\/\/mailpoint.nl\/es\/servicio-de-datos\/impresion-y-envio\/","title":{"rendered":"Impresi\u00f3n Y Env\u00edo"},"content":{"rendered":"<h2>IMPRESI\u00d3N DE DATOS VARIABLES: CADA CORREO ES \u00daNICO<\/h2>\n<p>Para la impresi\u00f3n personalizada con texto variable se requieren unas habilidades especiales. El personal de Mailpoint trabaja con entusiasmo en la realizaci\u00f3n de estas tareas a diario, ofreciendo siempre la m\u00e1xima calidad.<\/p>\n<p>Con nuestras modernas impresoras, a\u00f1adimos los textos variables a folletos, cartas, tarjetas, tr\u00edpticos y formularios (preimpresos). Si fuera necesario, podemos incluir firmas en color. Nuestros esfuerzos van encaminados a satisfacer todas las necesidades de impresi\u00f3n de nuestros clientes. Impresi\u00f3n en plano o rotaci\u00f3n, a una sola cara o a doble cara, en blanco y negro o en color, productos completamente acabados: no dejamos nada al azar y nos aseguramos de que el proceso de impresi\u00f3n y env\u00edo por correo se realize con rapidez, tras analizar meticulosamente todos los detalles.<\/p>\n<p>Los proyectos personalizados como, por ejemplo, las comunicaciones de marketing con im\u00e1genes y textos variables, aportan un toque personal y exclusivo a sus correos. Imprimimos tiradas de todos los tama\u00f1os, desde 100 copias hasta decenas de miles de copias, con fuentes escritas a mano si el cliente lo desea.<\/p>\n","protected":false},"excerpt":{"rendered":"<p>IMPRESI\u00d3N DE DATOS VARIABLES: CADA CORREO ES \u00daNICO Para la impresi\u00f3n personalizada con texto variable se requieren unas habilidades especiales. El personal de Mailpoint trabaja con entusiasmo en la realizaci\u00f3n de estas tareas a diario, ofreciendo siempre la m\u00e1xima calidad. Con nuestras modernas impresoras, a\u00f1adimos los textos variables a folletos, cartas, tarjetas, tr\u00edpticos y formularios<a href=\"https:\/\/mailpoint.nl\/es\/servicio-de-datos\/impresion-y-envio\/\">Continue reading <span class=\"sr-only\">\u00abImpresi\u00f3n Y Env\u00edo\u00bb<\/span><\/a><\/p>\n","protected":false},"author":6,"featured_media":0,"parent":487,"menu_order":0,"comment_status":"closed","ping_status":"closed","template":"","meta":{"_acf_changed":false,"footnotes":""},"class_list":["post-513","page","type-page","status-publish","hentry"],"acf":[],"_links":{"self":[{"href":"https:\/\/mailpoint.nl\/es\/wp-json\/wp\/v2\/pages\/513","targetHints":{"allow":["GET"]}}],"collection":[{"href":"https:\/\/mailpoint.nl\/es\/wp-json\/wp\/v2\/pages"}],"about":[{"href":"https:\/\/mailpoint.nl\/es\/wp-json\/wp\/v2\/types\/page"}],"author":[{"embeddable":true,"href":"https:\/\/mailpoint.nl\/es\/wp-json\/wp\/v2\/users\/6"}],"replies":[{"embeddable":true,"href":"https:\/\/mailpoint.nl\/es\/wp-json\/wp\/v2\/comments?post=513"}],"version-history":[{"count":0,"href":"https:\/\/mailpoint.nl\/es\/wp-json\/wp\/v2\/pages\/513\/revisions"}],"up":[{"embeddable":true,"href":"https:\/\/mailpoint.nl\/es\/wp-json\/wp\/v2\/pages\/487"}],"wp:attachment":[{"href":"https:\/\/mailpoint.nl\/es\/wp-json\/wp\/v2\/media?parent=513"}],"curies":[{"name":"wp","href":"https:\/\/api.w.org\/{rel}","templated":true}]}}