{"id":487,"date":"2024-03-26T12:41:44","date_gmt":"2024-03-26T11:41:44","guid":{"rendered":"https:\/\/mailpoint.local\/?page_id=487"},"modified":"2024-03-27T14:20:01","modified_gmt":"2024-03-27T13:20:01","slug":"servicio-de-datos","status":"publish","type":"page","link":"https:\/\/mailpoint.nl\/es\/servicio-de-datos\/","title":{"rendered":"Servicios"},"content":{"rendered":"<h2>SERVICIOS DE DATOS E IMPRESI\u00d3N DE MAILPOINT<\/h2>\n<p>Las divisiones de TI, TIC y datos en Mailpoint Group est\u00e1n protegidas y supervisadas, tanto f\u00edsica como digitalmente. Nuestros programadores, que forman parte de un equipo con a\u00f1os de experiencia en direct mail, son responsables de forma conjunta de gestionar y procesar los datos y las bases de datos de direcciones con la m\u00e1xima atenci\u00f3n.<\/p>\n<p>Ofrecemos una amplia variedad de m\u00e9todos de entrega y procesamiento de datos con los que podemos, por ejemplo, mejorar las bases de datos y eliminar las duplicaciones. Asimismo, podemos ofrecer soluciones para sus requisitos de impresi\u00f3n, incluida la impresi\u00f3n l\u00e1ser personalizada, a todo color o por inyecci\u00f3n de tinta.<\/p>\n<p>Adem\u00e1s, Mailpoint dispone de un programa personalizado que incluye diversas opciones de c\u00f3digos de barras, correos y clasificaci\u00f3n, que permiten una \u00f3ptima entrada de datos y facilitan la extracci\u00f3n de los datos para la distribuci\u00f3n de direct mail nacional e internacional. Esta parte del trabajo diario de nuestra divisi\u00f3n de datos tiene una importancia fundamental.<\/p>\n<h3>SERVICIO DE PROGRAMACI\u00d3N DE DATOS<\/h3>\n<p>En los \u00faltimos a\u00f1os, el n\u00famero de proyectos de bases de datos se ha incrementado r\u00e1pidamente. Adem\u00e1s de proyectos de respuesta y cumplimiento, ofrecemos servicios de entrada de datos y desarrollamos bases de datos totalmente fiables que incorporan funciones de gesti\u00f3n de archivos. Gracias a la supervisi\u00f3n y la gesti\u00f3n de nuestros expertos, conseguimos mejorar la calidad de los datos, al tiempo que garantizamos un servicio r\u00e1pido y unas entregas puntuales.<\/p>\n","protected":false},"excerpt":{"rendered":"<p>SERVICIOS DE DATOS E IMPRESI\u00d3N DE MAILPOINT Las divisiones de TI, TIC y datos en Mailpoint Group est\u00e1n protegidas y supervisadas, tanto f\u00edsica como digitalmente. Nuestros programadores, que forman parte de un equipo con a\u00f1os de experiencia en direct mail, son responsables de forma conjunta de gestionar y procesar los datos y las bases de<a href=\"https:\/\/mailpoint.nl\/es\/servicio-de-datos\/\">Continue reading <span class=\"sr-only\">\u00abServicios\u00bb<\/span><\/a><\/p>\n","protected":false},"author":6,"featured_media":0,"parent":0,"menu_order":0,"comment_status":"closed","ping_status":"closed","template":"","meta":{"_acf_changed":false,"footnotes":""},"class_list":["post-487","page","type-page","status-publish","hentry"],"acf":[],"_links":{"self":[{"href":"https:\/\/mailpoint.nl\/es\/wp-json\/wp\/v2\/pages\/487","targetHints":{"allow":["GET"]}}],"collection":[{"href":"https:\/\/mailpoint.nl\/es\/wp-json\/wp\/v2\/pages"}],"about":[{"href":"https:\/\/mailpoint.nl\/es\/wp-json\/wp\/v2\/types\/page"}],"author":[{"embeddable":true,"href":"https:\/\/mailpoint.nl\/es\/wp-json\/wp\/v2\/users\/6"}],"replies":[{"embeddable":true,"href":"https:\/\/mailpoint.nl\/es\/wp-json\/wp\/v2\/comments?post=487"}],"version-history":[{"count":0,"href":"https:\/\/mailpoint.nl\/es\/wp-json\/wp\/v2\/pages\/487\/revisions"}],"wp:attachment":[{"href":"https:\/\/mailpoint.nl\/es\/wp-json\/wp\/v2\/media?parent=487"}],"curies":[{"name":"wp","href":"https:\/\/api.w.org\/{rel}","templated":true}]}}