{"id":475,"date":"2024-03-26T12:41:37","date_gmt":"2024-03-26T11:41:37","guid":{"rendered":"https:\/\/mailpoint.local\/?page_id=475"},"modified":"2024-03-27T14:16:22","modified_gmt":"2024-03-27T13:16:22","slug":"quienes-somos","status":"publish","type":"page","link":"https:\/\/mailpoint.nl\/es\/quienes-somos\/","title":{"rendered":"Qui\u00e9nes somos"},"content":{"rendered":"<h2>MAILPOINT: CREATIVIDAD, FLEXIBILIDAD, PRECISI\u00d3N Y RAPIDEZ<\/h2>\n<p>En Mailpoint, todos nuestros expertos en direct mail tienen formaci\u00f3n acad\u00e9mica en comunicaci\u00f3n y marketing, as\u00ed como un profundo conocimiento adquirido a lo largo de a\u00f1os de experiencia. Gracias a esto, pueden lograr unos extraordinarios resultados en los proyectos de direct mail. A nuestro incre\u00edble rendimiento hay que a\u00f1adir unos precios altamente competitivos. Todos los proyectos de direct mail reciben la atenci\u00f3n que requieren, ya se trate de un servicio de documentos digitales confidenciales o un proyecto complejo de correo o de cumplimiento f\u00edsico. En Mailpoint nos sentimos orgullosos de proporcionar un servicio fiable, de gran calidad y, por supuesto, flexible.<\/p>\n<p>Mailpoint brinda soluciones eficaces para cualquier problema relacionado con el correo que se pueda plantear. Todos los proyectos, desde los m\u00e1s grandes a los m\u00e1s peque\u00f1os, se tratan con rapidez, profesionalidad y eficiencia. Garantizamos que las comunicaciones mediante direct mail (personalizado) de nuestros clientes lleguen al grupo de destino puntualmente. Todas las empresas especializadas en direct mail de \u00abThe Mailpoint Group\u00bb, ubicadas en las afueras de \u00c1msterdam, disponen de los recursos t\u00e9cnicos y el personal necesario para brindar el mejor servicio posible.<\/p>\n<p>Todos los d\u00edas, procesamos y enviamos una gran cantidad de direct mail, as\u00ed como paquetes postales para tiendas (web). Nuestros expertos en direct mail tienen completo y profundo conocimientos de log\u00edstica y conocen los canales de distribuci\u00f3n como la palma de sus manos, tanto en Europa como m\u00e1s all\u00e1 de nuestro continente. Adem\u00e1s, Mailpoint ofrece unos interesantes contratos para grandes vol\u00famenes de pedidos tanto dentro de Holanda como internacionales. Esto significa que nuestros clientes se pueden beneficiar de unos atractivos descuentos en el franqueo.<\/p>\n","protected":false},"excerpt":{"rendered":"<p>MAILPOINT: CREATIVIDAD, FLEXIBILIDAD, PRECISI\u00d3N Y RAPIDEZ En Mailpoint, todos nuestros expertos en direct mail tienen formaci\u00f3n acad\u00e9mica en comunicaci\u00f3n y marketing, as\u00ed como un profundo conocimiento adquirido a lo largo de a\u00f1os de experiencia. Gracias a esto, pueden lograr unos extraordinarios resultados en los proyectos de direct mail. A nuestro incre\u00edble rendimiento hay que a\u00f1adir<a href=\"https:\/\/mailpoint.nl\/es\/quienes-somos\/\">Continue reading <span class=\"sr-only\">\u00abQui\u00e9nes somos\u00bb<\/span><\/a><\/p>\n","protected":false},"author":6,"featured_media":0,"parent":0,"menu_order":0,"comment_status":"closed","ping_status":"closed","template":"","meta":{"_acf_changed":false,"footnotes":""},"class_list":["post-475","page","type-page","status-publish","hentry"],"acf":[],"_links":{"self":[{"href":"https:\/\/mailpoint.nl\/es\/wp-json\/wp\/v2\/pages\/475","targetHints":{"allow":["GET"]}}],"collection":[{"href":"https:\/\/mailpoint.nl\/es\/wp-json\/wp\/v2\/pages"}],"about":[{"href":"https:\/\/mailpoint.nl\/es\/wp-json\/wp\/v2\/types\/page"}],"author":[{"embeddable":true,"href":"https:\/\/mailpoint.nl\/es\/wp-json\/wp\/v2\/users\/6"}],"replies":[{"embeddable":true,"href":"https:\/\/mailpoint.nl\/es\/wp-json\/wp\/v2\/comments?post=475"}],"version-history":[{"count":0,"href":"https:\/\/mailpoint.nl\/es\/wp-json\/wp\/v2\/pages\/475\/revisions"}],"wp:attachment":[{"href":"https:\/\/mailpoint.nl\/es\/wp-json\/wp\/v2\/media?parent=475"}],"curies":[{"name":"wp","href":"https:\/\/api.w.org\/{rel}","templated":true}]}}