{"id":267,"date":"2024-03-26T10:21:52","date_gmt":"2024-03-26T09:21:52","guid":{"rendered":"https:\/\/mailpoint.local\/home\/"},"modified":"2024-03-27T14:14:14","modified_gmt":"2024-03-27T13:14:14","slug":"home","status":"publish","type":"page","link":"https:\/\/mailpoint.nl\/es\/","title":{"rendered":"Inicio"},"content":{"rendered":"<h1>BIENVENIDO<\/h1>\n<p>Desde sus inicios, Mailpoint se ha ganado el reconocimiento como un socio de confianza con una organizaci\u00f3n profesional de servicios completos de direct mail y direct marketing. En los \u00faltimos a\u00f1os, nuestros clientes han debido adaptar sus negocios para ajustarse a los requisitos de un entorno cada vez m\u00e1s digital. Para hacer frente a los retos en este sector que evoluciona con rapidez, Mailpoint cuenta con unos conocimientos t\u00e9cnicos actualizados, unos planteamientos creativos y un enfoque eficaz y flexible, que le permiten responder a las necesidades de sus clientes.  <\/p>\n<p>En esta p\u00e1gina web podr\u00e1 conocer nuestras actividades como organizaci\u00f3n especializada en direct mail y marketing. \u00bfC\u00f3mo consigue Mailpoint adaptarse a las necesidades de sus clientes? \u00bfCu\u00e1l es nuestro enfoque? \u00bfC\u00f3mo pueden ayudarle nuestros asesores expertos en direct mail? Adem\u00e1s de procesar y dar los retoques finales a las actividades de direct mail, Mailpoint ofrece servicios de principio a fin para campa\u00f1as de ventas y direct mail. Cuando los clientes lo requieren, tambi\u00e9n mutamos, eliminamos duplicaciones, actualizamos y aseguramos las bases de datos de direcciones que se entregan de forma digital.   <\/p>\n<p>Garantizamos que todos nuestros materiales publicitarios impresos y personalizados, tanto si incluyen art\u00edculos espec\u00edficos como si no, se preparan para franqueo y se entregan puntualmente. En pocas palabras, Mailpoint es una garant\u00eda de \u00e9xito en direct mail, que abarca todos los servicios que su empresa necesita. <\/p>\n","protected":false},"excerpt":{"rendered":"<p>BIENVENIDO Desde sus inicios, Mailpoint se ha ganado el reconocimiento como un socio de confianza con una organizaci\u00f3n profesional de servicios completos de direct mail y direct marketing. En los \u00faltimos a\u00f1os, nuestros clientes han debido adaptar sus negocios para ajustarse a los requisitos de un entorno cada vez m\u00e1s digital. Para hacer frente a<a href=\"https:\/\/mailpoint.nl\/es\/\">Continue reading <span class=\"sr-only\">\u00abInicio\u00bb<\/span><\/a><\/p>\n","protected":false},"author":6,"featured_media":0,"parent":0,"menu_order":0,"comment_status":"closed","ping_status":"closed","template":"","meta":{"_acf_changed":false,"footnotes":""},"class_list":["post-267","page","type-page","status-publish","hentry"],"acf":[],"_links":{"self":[{"href":"https:\/\/mailpoint.nl\/es\/wp-json\/wp\/v2\/pages\/267","targetHints":{"allow":["GET"]}}],"collection":[{"href":"https:\/\/mailpoint.nl\/es\/wp-json\/wp\/v2\/pages"}],"about":[{"href":"https:\/\/mailpoint.nl\/es\/wp-json\/wp\/v2\/types\/page"}],"author":[{"embeddable":true,"href":"https:\/\/mailpoint.nl\/es\/wp-json\/wp\/v2\/users\/6"}],"replies":[{"embeddable":true,"href":"https:\/\/mailpoint.nl\/es\/wp-json\/wp\/v2\/comments?post=267"}],"version-history":[{"count":0,"href":"https:\/\/mailpoint.nl\/es\/wp-json\/wp\/v2\/pages\/267\/revisions"}],"wp:attachment":[{"href":"https:\/\/mailpoint.nl\/es\/wp-json\/wp\/v2\/media?parent=267"}],"curies":[{"name":"wp","href":"https:\/\/api.w.org\/{rel}","templated":true}]}}